{"id":128252,"date":"2022-08-22T12:36:46","date_gmt":"2022-08-22T12:36:46","guid":{"rendered":"http:\/\/stay-ici.be\/?page_id=94779"},"modified":"2025-10-08T21:54:05","modified_gmt":"2025-10-08T19:54:05","slug":"who","status":"publish","type":"page","link":"http:\/\/stay-ici.be\/de\/who\/","title":{"rendered":"Wer"},"content":{"rendered":"<div class=\"wpb-content-wrapper\"><div data-parent=\"true\" class=\"vc_row row-container\" id=\"row-unique-0\"><div class=\"row-background background-element\">\n\t\t\t\t\t\t\t\t\t\t\t<div class=\"background-wrapper\">\n\t\t\t\t\t\t\t\t\t\t\t\t<div class=\"background-inner\" style=\"background-image: url(https:\/\/stay-ici.be\/wp-content\/uploads\/2020\/03\/Slo\u0302_KATHAN_Caban400004-scaled-1.jpg);background-repeat: no-repeat;background-position: center center;background-attachment: scroll;background-size: cover;\"><\/div>\n\t\t\t\t\t\t\t\t\t\t\t\t\n\t\t\t\t\t\t\t\t\t\t\t<\/div>\n\t\t\t\t\t\t\t\t\t\t<\/div><div class=\"row no-top-padding no-bottom-padding no-h-padding full-width row-parent\" data-height-ratio=\"90\"><div class=\"wpb_row row-inner\"><div class=\"wpb_column pos-top pos-center align_left column_parent col-lg-12 single-internal-gutter\"><div class=\"uncol style-dark\"  ><div class=\"uncoltable\"><div class=\"uncell no-block-padding\" ><div class=\"uncont\" ><\/div><\/div><\/div><\/div><\/div><script id=\"script-row-unique-0\" data-row=\"script-row-unique-0\" type=\"text\/javascript\" class=\"vc_controls\">UNCODE.initRow(document.getElementById(\"row-unique-0\"));<\/script><\/div><\/div><\/div><div data-parent=\"true\" class=\"vc_row style-color-107314-bg row-container\" id=\"row-unique-1\"><div class=\"row exa-top-padding triple-bottom-padding single-h-padding limit-width row-parent\"><div class=\"wpb_row row-inner\"><div class=\"wpb_column pos-middle pos-center align_center column_parent col-lg-12 single-internal-gutter\"><div class=\"uncol style-light shift_x_single\"  ><div class=\"uncoltable\"><div class=\"uncell\" ><div class=\"uncont no-block-padding col-custom-width\" style=\" max-width:804px;\" ><div class=\"empty-space empty-single desktop-hidden\" ><span class=\"empty-space-inner\"><\/span><\/div>\n<div class=\"vc_custom_heading_wrap\"><div class=\"heading-text el-text bottom-t-top animate_when_almost_visible\" data-delay=\"200\"><h2 class=\"font-933271 fontsize-983475 fontheight-954288 fontspace-108380 font-weight-400 text-color-jevc-color text-uppercase\" ><span>Wer ist<br \/><\/span><span>ici?<\/span><\/h2><\/div><div class=\"clear\"><\/div><\/div><div class=\"vc_custom_heading_wrap\"><div class=\"heading-text el-text alpha-anim animate_when_almost_visible\" data-delay=\"300\" data-speed=\"600\"><h2 class=\"font-933271 fontsize-642098 fontheight-357766 font-weight-400 text-color-jevc-color\" ><span>ICI wurde 2018 gegr\u00fcndet und ist die Idee von Tim Goes und Toon Haverals, zwei belgischen Unternehmern und Freunden, die beide seit vielen Jahren in der Architektur- und Immobilienbranche t\u00e4tig sind. Ihre gemeinsame Liebe zum Leben, ihre Leidenschaft f\u00fcr Immobilien und ihre Besorgnis \u00fcber eine Reihe sozialer Entwicklungen brachten sie dazu, ein innovatives Konzept zu entwickeln.<\/p><\/span><span><p>&nbsp;<\/p><\/span><span><p>Nach zahlreichen Wochenenden in den entlegensten Winkeln Belgiens und der Welt, nach Begegnungen mit anderen Kulturen und Menschen mit unterschiedlichem Hintergrund waren sie \u00fcberzeugt, dass es an der Zeit war, die Art und Weise, wie wir reisen und uns entspannen, zu revolutionieren. Ein neues Angebot war n\u00f6tig.<\/span><\/h2><\/div><div class=\"clear\"><\/div><\/div><div class=\"empty-space empty-quad tablet-hidden mobile-hidden\" ><span class=\"empty-space-inner\"><\/span><\/div>\n<div class=\"empty-space empty-triple desktop-hidden\" ><span class=\"empty-space-inner\"><\/span><\/div>\n<\/div><\/div><\/div><\/div><\/div><script id=\"script-row-unique-1\" data-row=\"script-row-unique-1\" type=\"text\/javascript\" class=\"vc_controls\">UNCODE.initRow(document.getElementById(\"row-unique-1\"));<\/script><\/div><\/div><\/div><div data-parent=\"true\" class=\"vc_row theglasscube style-color-xsdn-bg row-container onepage-section\" data-label=\"theglasscube\" data-name=\"theglasscube\" id=\"row-unique-2\"><div class=\"row unequal col-double-gutter no-top-padding no-bottom-padding single-h-padding limit-width row-parent\"><div class=\"wpb_row row-inner\"><div class=\"wpb_column pos-top pos-center align_left column_parent col-lg-6 half-internal-gutter\"><div class=\"uncol style-light\"  ><div class=\"uncoltable\"><div class=\"uncell no-block-padding\" ><div class=\"uncont\" ><div class=\"empty-space empty-triple\" ><span class=\"empty-space-inner\"><\/span><\/div>\n<div class=\"vc_custom_heading_wrap\"><div class=\"heading-text el-text bottom-t-top animate_when_almost_visible\" data-delay=\"200\"><h2 class=\"font-933271 fontsize-983475 fontheight-954288 fontspace-108380 font-weight-400 text-color-jevc-color text-uppercase\" ><span>treffen<br \/><\/span><span>tim<\/span><\/h2><\/div><div class=\"clear\"><\/div><\/div><div class=\"vc_custom_heading_wrap justifytxt\"><div class=\"heading-text el-text alpha-anim animate_when_almost_visible\" data-delay=\"200\" data-speed=\"600\"><h2 class=\"font-933271 fontsize-642098 fontheight-357766 font-weight-400 text-color-jevc-color\" ><span>Tim Goes ist ausgebildeter Wirtschaftsingenieur (Solvay Business School) und hat einen Postgraduiertenabschluss in Hospitality Management von Cornell. Seit seiner Kindheit hat er sich f\u00fcr verschiedene Formen von Immobilien und Unternehmertum begeistert. Seine Interessen liegen an der Schnittstelle von Gastgewerbe, Immobilien und Erlebniswirtschaft. Tim hat auch ein pers\u00f6nliches Interesse an allem, was mit Fauna und Flora zu tun hat.<\/p><\/span><span><p>&nbsp;<\/p><\/span><span><p>Bevor er sich Vollzeit ICI widmete, war Tim f\u00fcr die Investitionen eines Immobilienfonds verantwortlich. Tim konzentriert sich auf das t\u00e4gliche Management und teilt seine Zeit zwischen Br\u00fcssel und Luxemburg auf. In seiner Freizeit treibt Tim gerne Sport im Freien und verbringt Zeit mit seiner Tochter Alice.<\/span><\/h2><\/div><div class=\"clear\"><\/div><\/div><div class=\"empty-space empty-triple desktop-hidden tablet-hidden mobile-hidden\" ><span class=\"empty-space-inner\"><\/span><\/div>\n<\/div><\/div><\/div><\/div><\/div><div class=\"wpb_column pos-top pos-center align_left column_parent col-lg-6 half-internal-gutter\"><div class=\"uncol style-dark unexpand\"  ><div class=\"uncoltable\"><div class=\"uncell no-block-padding\" ><div class=\"uncont\" ><div class=\"empty-space empty-triple\" ><span class=\"empty-space-inner\"><\/span><\/div>\n<div class=\"vc_custom_heading_wrap\"><div class=\"heading-text el-text bottom-t-top animate_when_almost_visible\" data-delay=\"200\"><h2 class=\"font-933271 fontsize-983475 fontheight-954288 fontspace-108380 font-weight-400 text-color-jevc-color text-uppercase\" ><span>treffen<br \/><\/span><span>toon<\/span><\/h2><\/div><div class=\"clear\"><\/div><\/div><div class=\"vc_custom_heading_wrap justifytxt\"><div class=\"heading-text el-text alpha-anim animate_when_almost_visible\" data-delay=\"200\" data-speed=\"600\"><h2 class=\"font-933271 fontsize-642098 fontheight-357766 font-weight-400 text-color-jevc-color\" ><span>Toon Haverals is a passionate civil engineer-architect with an executive master&#8217;s degree in Real Estate Management, complemented by more than 15 years of experience in real estate development.<\/p><\/span><span><p>&nbsp;<\/p><\/span><span><p>Toon ist gesch\u00e4ftsf\u00fchrender Gesellschafter der Antwerpener Immobiliengesellschaft LIFE und Partner bei ICI. Toon sieht es als Privileg, aber auch als Verantwortung, Immobilien zur Verbesserung der allgemeinen Lebensqualit\u00e4t zu nutzen.<\/p><\/span><span><p>&nbsp;<\/p><\/span><span><p>For him, constantly reinventing himself and contributing ideas about new ways of living and working are the basis for future-proof development and long-term value. Toon&#8217;s passion in his professional life is also evident in his personal life&#8230; He loves traveling and discovering new cultures that inspire him. He regularly clears his head by running marathons or skiing down slopes. His heart is filled with love for his girlfriend Yacine, his daughter Scottie, and his friends and family.<\/span><\/h2><\/div><div class=\"clear\"><\/div><\/div><div class=\"vc_custom_heading_wrap justifytxt\"><div class=\"heading-text el-text alpha-anim animate_when_almost_visible\" data-delay=\"200\" data-speed=\"600\"><h2 class=\"font-933271 fontsize-642098 fontheight-357766 font-weight-500 text-color-jevc-color\" ><span>Life at ICI&#8230;<\/span><\/h2><\/div><div class=\"clear\"><\/div><\/div><div class=\"empty-space empty-triple\" ><span class=\"empty-space-inner\"><\/span><\/div>\n<\/div><\/div><\/div><\/div><\/div><script id=\"script-row-unique-2\" data-row=\"script-row-unique-2\" type=\"text\/javascript\" class=\"vc_controls\">UNCODE.initRow(document.getElementById(\"row-unique-2\"));<\/script><\/div><\/div><\/div>\n<\/div>","protected":false},"excerpt":{"rendered":"who isici?ICI was founded in 2018 and is the brainchild of Tim Goes and Toon Haverals, two Belgian entrepreneurs and [...]","protected":false},"author":1,"featured_media":0,"parent":0,"menu_order":0,"comment_status":"closed","ping_status":"closed","template":"","meta":{"wds_primary_page_category":0,"footnotes":""},"class_list":["post-128252","page","type-page","status-publish","hentry"],"_links":{"self":[{"href":"http:\/\/stay-ici.be\/de\/wp-json\/wp\/v2\/pages\/128252","targetHints":{"allow":["GET"]}}],"collection":[{"href":"http:\/\/stay-ici.be\/de\/wp-json\/wp\/v2\/pages"}],"about":[{"href":"http:\/\/stay-ici.be\/de\/wp-json\/wp\/v2\/types\/page"}],"author":[{"embeddable":true,"href":"http:\/\/stay-ici.be\/de\/wp-json\/wp\/v2\/users\/1"}],"replies":[{"embeddable":true,"href":"http:\/\/stay-ici.be\/de\/wp-json\/wp\/v2\/comments?post=128252"}],"version-history":[{"count":3,"href":"http:\/\/stay-ici.be\/de\/wp-json\/wp\/v2\/pages\/128252\/revisions"}],"predecessor-version":[{"id":128400,"href":"http:\/\/stay-ici.be\/de\/wp-json\/wp\/v2\/pages\/128252\/revisions\/128400"}],"wp:attachment":[{"href":"http:\/\/stay-ici.be\/de\/wp-json\/wp\/v2\/media?parent=128252"}],"curies":[{"name":"wp","href":"https:\/\/api.w.org\/{rel}","templated":true}]}}